{"id":463,"date":"2023-08-01T10:57:53","date_gmt":"2023-08-01T10:57:53","guid":{"rendered":"https:\/\/news.atentamente.net\/?page_id=463"},"modified":"2023-08-14T16:04:50","modified_gmt":"2023-08-14T16:04:50","slug":"contacto","status":"publish","type":"page","link":"https:\/\/news.atentamente.net\/index.php\/contacto\/","title":{"rendered":"Contacto"},"content":{"rendered":"\t\t<div data-elementor-type=\"wp-page\" data-elementor-id=\"463\" class=\"elementor elementor-463\">\n\t\t\t\t\t\t<section class=\"elementor-section elementor-top-section elementor-element elementor-element-39a1613 elementor-section-full_width elementor-section-height-default elementor-section-height-default\" data-id=\"39a1613\" data-element_type=\"section\" data-settings=\"{&quot;background_background&quot;:&quot;classic&quot;}\">\n\t\t\t\t\t\t\t<div class=\"elementor-background-overlay\"><\/div>\n\t\t\t\t\t\t\t<div class=\"elementor-container elementor-column-gap-default\">\n\t\t\t\t\t<div class=\"elementor-column elementor-col-50 elementor-top-column elementor-element elementor-element-0e0a9ad\" data-id=\"0e0a9ad\" data-element_type=\"column\">\n\t\t\t<div class=\"elementor-widget-wrap elementor-element-populated\">\n\t\t\t\t\t\t<div class=\"elementor-element elementor-element-2ede57d elementor-widget elementor-widget-heading\" data-id=\"2ede57d\" data-element_type=\"widget\" data-widget_type=\"heading.default\">\n\t\t\t\t<div class=\"elementor-widget-container\">\n\t\t\t\t\t<h1 class=\"elementor-heading-title elementor-size-default\">Contacto<\/h1>\t\t\t\t<\/div>\n\t\t\t\t<\/div>\n\t\t\t\t\t<\/div>\n\t\t<\/div>\n\t\t\t\t<div class=\"elementor-column elementor-col-50 elementor-top-column elementor-element elementor-element-91274ae\" data-id=\"91274ae\" data-element_type=\"column\">\n\t\t\t<div class=\"elementor-widget-wrap\">\n\t\t\t\t\t\t\t<\/div>\n\t\t<\/div>\n\t\t\t\t\t<\/div>\n\t\t<\/section>\n\t\t\t\t<section class=\"elementor-section elementor-top-section elementor-element elementor-element-ab5e274 elementor-section-boxed elementor-section-height-default elementor-section-height-default\" data-id=\"ab5e274\" data-element_type=\"section\">\n\t\t\t\t\t\t<div class=\"elementor-container elementor-column-gap-default\">\n\t\t\t\t\t<div class=\"elementor-column elementor-col-50 elementor-top-column elementor-element elementor-element-ba290f5\" data-id=\"ba290f5\" data-element_type=\"column\">\n\t\t\t<div class=\"elementor-widget-wrap elementor-element-populated\">\n\t\t\t\t\t\t<div class=\"elementor-element elementor-element-adbe103 elementor-widget elementor-widget-spacer\" data-id=\"adbe103\" data-element_type=\"widget\" data-widget_type=\"spacer.default\">\n\t\t\t\t<div class=\"elementor-widget-container\">\n\t\t\t\t\t\t\t<div class=\"elementor-spacer\">\n\t\t\t<div class=\"elementor-spacer-inner\"><\/div>\n\t\t<\/div>\n\t\t\t\t\t\t<\/div>\n\t\t\t\t<\/div>\n\t\t\t\t<div class=\"elementor-element elementor-element-7579bee elementor-widget elementor-widget-text-editor\" data-id=\"7579bee\" data-element_type=\"widget\" data-widget_type=\"text-editor.default\">\n\t\t\t\t<div class=\"elementor-widget-container\">\n\t\t\t\t\t\t\t\t\t<h6>Si tienes cualquier pregunta o comentario que quieras hacernos rellena el formulario y estaremos encantados de atenderte.<\/h6>\t\t\t\t\t\t\t\t<\/div>\n\t\t\t\t<\/div>\n\t\t\t\t<div class=\"elementor-element elementor-element-dab1f6a elementor-widget__width-inherit elementor-widget elementor-widget-lottie\" data-id=\"dab1f6a\" data-element_type=\"widget\" data-widget_type=\"lottie.default\">\n\t\t\t\t<div class=\"elementor-widget-container\">\n\t\t\t\t\t \t\t\t\t<\/div>\n\t\t\t\t<\/div>\n\t\t\t\t\t<\/div>\n\t\t<\/div>\n\t\t\t\t<div class=\"elementor-column elementor-col-50 elementor-top-column elementor-element elementor-element-92974e3\" data-id=\"92974e3\" data-element_type=\"column\">\n\t\t\t<div class=\"elementor-widget-wrap elementor-element-populated\">\n\t\t\t\t\t\t<div class=\"elementor-element elementor-element-71e2216 elementor-widget elementor-widget-spacer\" data-id=\"71e2216\" data-element_type=\"widget\" data-widget_type=\"spacer.default\">\n\t\t\t\t<div class=\"elementor-widget-container\">\n\t\t\t\t\t\t\t<div class=\"elementor-spacer\">\n\t\t\t<div class=\"elementor-spacer-inner\"><\/div>\n\t\t<\/div>\n\t\t\t\t\t\t<\/div>\n\t\t\t\t<\/div>\n\t\t\t\t<div class=\"elementor-element elementor-element-0b9c37c elementor-widget elementor-widget-form\" data-id=\"0b9c37c\" data-element_type=\"widget\" data-widget_type=\"form.default\">\n\t\t\t\t<div class=\"elementor-widget-container\">\n\t\t\t\t\t \t\t\t\t<\/div>\n\t\t\t\t<\/div>\n\t\t\t\t\t<\/div>\n\t\t<\/div>\n\t\t\t\t\t<\/div>\n\t\t<\/section>\n\t\t\t\t<section class=\"elementor-section elementor-top-section elementor-element elementor-element-e166ff9 elementor-section-boxed elementor-section-height-default elementor-section-height-default\" data-id=\"e166ff9\" data-element_type=\"section\">\n\t\t\t\t\t\t<div class=\"elementor-container elementor-column-gap-default\">\n\t\t\t\t\t<div class=\"elementor-column elementor-col-100 elementor-top-column elementor-element elementor-element-5fab80c\" data-id=\"5fab80c\" data-element_type=\"column\">\n\t\t\t<div class=\"elementor-widget-wrap elementor-element-populated\">\n\t\t\t\t\t\t<div class=\"elementor-element elementor-element-72388fe elementor-widget elementor-widget-spacer\" data-id=\"72388fe\" data-element_type=\"widget\" data-widget_type=\"spacer.default\">\n\t\t\t\t<div class=\"elementor-widget-container\">\n\t\t\t\t\t\t\t<div class=\"elementor-spacer\">\n\t\t\t<div class=\"elementor-spacer-inner\"><\/div>\n\t\t<\/div>\n\t\t\t\t\t\t<\/div>\n\t\t\t\t<\/div>\n\t\t\t\t\t<\/div>\n\t\t<\/div>\n\t\t\t\t\t<\/div>\n\t\t<\/section>\n\t\t\t\t<\/div>\n\t\t","protected":false},"excerpt":{"rendered":"<p>Contacto Si tienes cualquier pregunta o comentario que quieras hacernos rellena el formulario y estaremos encantados de atenderte.<\/p>\n","protected":false},"author":1,"featured_media":0,"parent":0,"menu_order":0,"comment_status":"closed","ping_status":"closed","template":"","meta":{"_monsterinsights_skip_tracking":false,"_monsterinsights_sitenote_active":false,"_monsterinsights_sitenote_note":"","_monsterinsights_sitenote_category":0,"footnotes":""},"class_list":["post-463","page","type-page","status-publish","hentry"],"yoast_head":"<!-- This site is optimized with the Yoast SEO plugin v26.8 - https:\/\/yoast.com\/product\/yoast-seo-wordpress\/ -->\n<title>Contacto - News Atentamente<\/title>\n<meta name=\"robots\" content=\"index, follow, max-snippet:-1, max-image-preview:large, max-video-preview:-1\" \/>\n<link rel=\"canonical\" href=\"https:\/\/news.atentamente.net\/index.php\/contacto\/\" \/>\n<meta property=\"og:locale\" content=\"es_ES\" \/>\n<meta property=\"og:type\" content=\"article\" \/>\n<meta property=\"og:title\" content=\"Contacto - News Atentamente\" \/>\n<meta property=\"og:description\" content=\"Contacto Si tienes cualquier pregunta o comentario que quieras hacernos rellena el formulario y estaremos encantados de atenderte.\" \/>\n<meta property=\"og:url\" content=\"https:\/\/news.atentamente.net\/index.php\/contacto\/\" \/>\n<meta property=\"og:site_name\" content=\"News Atentamente\" \/>\n<meta property=\"article:modified_time\" content=\"2023-08-14T16:04:50+00:00\" \/>\n<meta name=\"twitter:card\" content=\"summary_large_image\" \/>\n<script type=\"application\/ld+json\" class=\"yoast-schema-graph\">{\"@context\":\"https:\/\/schema.org\",\"@graph\":[{\"@type\":\"WebPage\",\"@id\":\"https:\/\/news.atentamente.net\/index.php\/contacto\/\",\"url\":\"https:\/\/news.atentamente.net\/index.php\/contacto\/\",\"name\":\"Contacto - News Atentamente\",\"isPartOf\":{\"@id\":\"https:\/\/news.atentamente.net\/#website\"},\"datePublished\":\"2023-08-01T10:57:53+00:00\",\"dateModified\":\"2023-08-14T16:04:50+00:00\",\"breadcrumb\":{\"@id\":\"https:\/\/news.atentamente.net\/index.php\/contacto\/#breadcrumb\"},\"inLanguage\":\"es\",\"potentialAction\":[{\"@type\":\"ReadAction\",\"target\":[\"https:\/\/news.atentamente.net\/index.php\/contacto\/\"]}]},{\"@type\":\"BreadcrumbList\",\"@id\":\"https:\/\/news.atentamente.net\/index.php\/contacto\/#breadcrumb\",\"itemListElement\":[{\"@type\":\"ListItem\",\"position\":1,\"name\":\"Portada\",\"item\":\"https:\/\/news.atentamente.net\/\"},{\"@type\":\"ListItem\",\"position\":2,\"name\":\"Contacto\"}]},{\"@type\":\"WebSite\",\"@id\":\"https:\/\/news.atentamente.net\/#website\",\"url\":\"https:\/\/news.atentamente.net\/\",\"name\":\"News Atentamente\",\"description\":\"La App que te acompa\u00f1a para hacer tu vida m\u00e1s f\u00e1cil\",\"publisher\":{\"@id\":\"https:\/\/news.atentamente.net\/#organization\"},\"potentialAction\":[{\"@type\":\"SearchAction\",\"target\":{\"@type\":\"EntryPoint\",\"urlTemplate\":\"https:\/\/news.atentamente.net\/?s={search_term_string}\"},\"query-input\":{\"@type\":\"PropertyValueSpecification\",\"valueRequired\":true,\"valueName\":\"search_term_string\"}}],\"inLanguage\":\"es\"},{\"@type\":\"Organization\",\"@id\":\"https:\/\/news.atentamente.net\/#organization\",\"name\":\"News Atentamente\",\"url\":\"https:\/\/news.atentamente.net\/\",\"logo\":{\"@type\":\"ImageObject\",\"inLanguage\":\"es\",\"@id\":\"https:\/\/news.atentamente.net\/#\/schema\/logo\/image\/\",\"url\":\"https:\/\/news.atentamente.net\/wp-content\/uploads\/2022\/12\/Logo-medita-app-03-1024x346-1.png\",\"contentUrl\":\"https:\/\/news.atentamente.net\/wp-content\/uploads\/2022\/12\/Logo-medita-app-03-1024x346-1.png\",\"width\":1024,\"height\":346,\"caption\":\"News Atentamente\"},\"image\":{\"@id\":\"https:\/\/news.atentamente.net\/#\/schema\/logo\/image\/\"}}]}<\/script>\n<!-- \/ Yoast SEO plugin. -->","yoast_head_json":{"title":"Contacto - News Atentamente","robots":{"index":"index","follow":"follow","max-snippet":"max-snippet:-1","max-image-preview":"max-image-preview:large","max-video-preview":"max-video-preview:-1"},"canonical":"https:\/\/news.atentamente.net\/index.php\/contacto\/","og_locale":"es_ES","og_type":"article","og_title":"Contacto - News Atentamente","og_description":"Contacto Si tienes cualquier pregunta o comentario que quieras hacernos rellena el formulario y estaremos encantados de atenderte.","og_url":"https:\/\/news.atentamente.net\/index.php\/contacto\/","og_site_name":"News Atentamente","article_modified_time":"2023-08-14T16:04:50+00:00","twitter_card":"summary_large_image","schema":{"@context":"https:\/\/schema.org","@graph":[{"@type":"WebPage","@id":"https:\/\/news.atentamente.net\/index.php\/contacto\/","url":"https:\/\/news.atentamente.net\/index.php\/contacto\/","name":"Contacto - News Atentamente","isPartOf":{"@id":"https:\/\/news.atentamente.net\/#website"},"datePublished":"2023-08-01T10:57:53+00:00","dateModified":"2023-08-14T16:04:50+00:00","breadcrumb":{"@id":"https:\/\/news.atentamente.net\/index.php\/contacto\/#breadcrumb"},"inLanguage":"es","potentialAction":[{"@type":"ReadAction","target":["https:\/\/news.atentamente.net\/index.php\/contacto\/"]}]},{"@type":"BreadcrumbList","@id":"https:\/\/news.atentamente.net\/index.php\/contacto\/#breadcrumb","itemListElement":[{"@type":"ListItem","position":1,"name":"Portada","item":"https:\/\/news.atentamente.net\/"},{"@type":"ListItem","position":2,"name":"Contacto"}]},{"@type":"WebSite","@id":"https:\/\/news.atentamente.net\/#website","url":"https:\/\/news.atentamente.net\/","name":"News Atentamente","description":"La App que te acompa\u00f1a para hacer tu vida m\u00e1s f\u00e1cil","publisher":{"@id":"https:\/\/news.atentamente.net\/#organization"},"potentialAction":[{"@type":"SearchAction","target":{"@type":"EntryPoint","urlTemplate":"https:\/\/news.atentamente.net\/?s={search_term_string}"},"query-input":{"@type":"PropertyValueSpecification","valueRequired":true,"valueName":"search_term_string"}}],"inLanguage":"es"},{"@type":"Organization","@id":"https:\/\/news.atentamente.net\/#organization","name":"News Atentamente","url":"https:\/\/news.atentamente.net\/","logo":{"@type":"ImageObject","inLanguage":"es","@id":"https:\/\/news.atentamente.net\/#\/schema\/logo\/image\/","url":"https:\/\/news.atentamente.net\/wp-content\/uploads\/2022\/12\/Logo-medita-app-03-1024x346-1.png","contentUrl":"https:\/\/news.atentamente.net\/wp-content\/uploads\/2022\/12\/Logo-medita-app-03-1024x346-1.png","width":1024,"height":346,"caption":"News Atentamente"},"image":{"@id":"https:\/\/news.atentamente.net\/#\/schema\/logo\/image\/"}}]}},"_links":{"self":[{"href":"https:\/\/news.atentamente.net\/index.php\/wp-json\/wp\/v2\/pages\/463","targetHints":{"allow":["GET"]}}],"collection":[{"href":"https:\/\/news.atentamente.net\/index.php\/wp-json\/wp\/v2\/pages"}],"about":[{"href":"https:\/\/news.atentamente.net\/index.php\/wp-json\/wp\/v2\/types\/page"}],"author":[{"embeddable":true,"href":"https:\/\/news.atentamente.net\/index.php\/wp-json\/wp\/v2\/users\/1"}],"replies":[{"embeddable":true,"href":"https:\/\/news.atentamente.net\/index.php\/wp-json\/wp\/v2\/comments?post=463"}],"version-history":[{"count":65,"href":"https:\/\/news.atentamente.net\/index.php\/wp-json\/wp\/v2\/pages\/463\/revisions"}],"predecessor-version":[{"id":941,"href":"https:\/\/news.atentamente.net\/index.php\/wp-json\/wp\/v2\/pages\/463\/revisions\/941"}],"wp:attachment":[{"href":"https:\/\/news.atentamente.net\/index.php\/wp-json\/wp\/v2\/media?parent=463"}],"curies":[{"name":"wp","href":"https:\/\/api.w.org\/{rel}","templated":true}]}}