{"id":691,"date":"2023-08-02T14:35:55","date_gmt":"2023-08-02T14:35:55","guid":{"rendered":"https:\/\/news.atentamente.net\/?page_id=691"},"modified":"2023-09-20T13:55:22","modified_gmt":"2023-09-20T13:55:22","slug":"master-classes","status":"publish","type":"page","link":"https:\/\/news.atentamente.net\/index.php\/master-classes\/","title":{"rendered":"Master Classes"},"content":{"rendered":"\t\t<div data-elementor-type=\"wp-page\" data-elementor-id=\"691\" class=\"elementor elementor-691\">\n\t\t\t\t\t\t<section class=\"elementor-section elementor-top-section elementor-element elementor-element-65c36cd elementor-section-full_width elementor-section-height-default elementor-section-height-default\" data-id=\"65c36cd\" data-element_type=\"section\" data-settings=\"{&quot;background_background&quot;:&quot;classic&quot;}\">\n\t\t\t\t\t\t\t<div class=\"elementor-background-overlay\"><\/div>\n\t\t\t\t\t\t\t<div class=\"elementor-container elementor-column-gap-default\">\n\t\t\t\t\t<div class=\"elementor-column elementor-col-50 elementor-top-column elementor-element elementor-element-207b24a\" data-id=\"207b24a\" data-element_type=\"column\">\n\t\t\t<div class=\"elementor-widget-wrap elementor-element-populated\">\n\t\t\t\t\t\t<div class=\"elementor-element elementor-element-4ef572f elementor-widget elementor-widget-heading\" data-id=\"4ef572f\" data-element_type=\"widget\" data-widget_type=\"heading.default\">\n\t\t\t\t<div class=\"elementor-widget-container\">\n\t\t\t\t\t<h1 class=\"elementor-heading-title elementor-size-default\">Master Classes<\/h1>\t\t\t\t<\/div>\n\t\t\t\t<\/div>\n\t\t\t\t\t<\/div>\n\t\t<\/div>\n\t\t\t\t<div class=\"elementor-column elementor-col-50 elementor-top-column elementor-element elementor-element-becce8d\" data-id=\"becce8d\" data-element_type=\"column\">\n\t\t\t<div class=\"elementor-widget-wrap\">\n\t\t\t\t\t\t\t<\/div>\n\t\t<\/div>\n\t\t\t\t\t<\/div>\n\t\t<\/section>\n\t\t\t\t<section class=\"elementor-section elementor-top-section elementor-element elementor-element-83462a7 elementor-section-boxed elementor-section-height-default elementor-section-height-default\" data-id=\"83462a7\" data-element_type=\"section\">\n\t\t\t\t\t\t<div class=\"elementor-container elementor-column-gap-default\">\n\t\t\t\t\t<div class=\"elementor-column elementor-col-100 elementor-top-column elementor-element elementor-element-fb32921\" data-id=\"fb32921\" data-element_type=\"column\">\n\t\t\t<div class=\"elementor-widget-wrap elementor-element-populated\">\n\t\t\t\t\t\t<div class=\"elementor-element elementor-element-3ed196a elementor-widget elementor-widget-spacer\" data-id=\"3ed196a\" data-element_type=\"widget\" data-widget_type=\"spacer.default\">\n\t\t\t\t<div class=\"elementor-widget-container\">\n\t\t\t\t\t\t\t<div class=\"elementor-spacer\">\n\t\t\t<div class=\"elementor-spacer-inner\"><\/div>\n\t\t<\/div>\n\t\t\t\t\t\t<\/div>\n\t\t\t\t<\/div>\n\t\t\t\t\t<\/div>\n\t\t<\/div>\n\t\t\t\t\t<\/div>\n\t\t<\/section>\n\t\t\t\t<section class=\"elementor-section elementor-top-section elementor-element elementor-element-5834b38 elementor-section-boxed elementor-section-height-default elementor-section-height-default\" data-id=\"5834b38\" data-element_type=\"section\">\n\t\t\t\t\t\t<div class=\"elementor-container elementor-column-gap-default\">\n\t\t\t\t\t<div class=\"elementor-column elementor-col-100 elementor-top-column elementor-element elementor-element-0b95071\" data-id=\"0b95071\" data-element_type=\"column\">\n\t\t\t<div class=\"elementor-widget-wrap elementor-element-populated\">\n\t\t\t\t\t\t<div class=\"elementor-element elementor-element-dac5f1c elementor-widget elementor-widget-text-editor\" data-id=\"dac5f1c\" data-element_type=\"widget\" data-widget_type=\"text-editor.default\">\n\t\t\t\t<div class=\"elementor-widget-container\">\n\t\t\t\t\t\t\t\t\t<h5 style=\"text-align: center;\">En este apartado te ofrecemos varios videos de Master Classes impartidas.<\/h5>\t\t\t\t\t\t\t\t<\/div>\n\t\t\t\t<\/div>\n\t\t\t\t<div class=\"elementor-element elementor-element-92ffb9a elementor-widget elementor-widget-spacer\" data-id=\"92ffb9a\" data-element_type=\"widget\" data-widget_type=\"spacer.default\">\n\t\t\t\t<div class=\"elementor-widget-container\">\n\t\t\t\t\t\t\t<div class=\"elementor-spacer\">\n\t\t\t<div class=\"elementor-spacer-inner\"><\/div>\n\t\t<\/div>\n\t\t\t\t\t\t<\/div>\n\t\t\t\t<\/div>\n\t\t\t\t\t<\/div>\n\t\t<\/div>\n\t\t\t\t\t<\/div>\n\t\t<\/section>\n\t\t\t\t<section class=\"elementor-section elementor-top-section elementor-element elementor-element-7ec7b32 elementor-section-boxed elementor-section-height-default elementor-section-height-default\" data-id=\"7ec7b32\" data-element_type=\"section\">\n\t\t\t\t\t\t<div class=\"elementor-container elementor-column-gap-extended\">\n\t\t\t\t\t<div class=\"elementor-column elementor-col-50 elementor-top-column elementor-element elementor-element-4229f58\" data-id=\"4229f58\" data-element_type=\"column\">\n\t\t\t<div class=\"elementor-widget-wrap elementor-element-populated\">\n\t\t\t\t\t\t<div class=\"elementor-element elementor-element-fd9b740 elementor-widget elementor-widget-text-editor\" data-id=\"fd9b740\" data-element_type=\"widget\" data-widget_type=\"text-editor.default\">\n\t\t\t\t<div class=\"elementor-widget-container\">\n\t\t\t\t\t\t\t\t\t<h6>Aprender a perdonarte<\/h6>\t\t\t\t\t\t\t\t<\/div>\n\t\t\t\t<\/div>\n\t\t\t\t<div class=\"elementor-element elementor-element-e07fec8 elementor-widget elementor-widget-video\" data-id=\"e07fec8\" data-element_type=\"widget\" data-settings=\"{&quot;youtube_url&quot;:&quot;https:\\\/\\\/www.youtube.com\\\/watch?v=jw_RdNRPyME&quot;,&quot;video_type&quot;:&quot;youtube&quot;,&quot;controls&quot;:&quot;yes&quot;}\" data-widget_type=\"video.default\">\n\t\t\t\t<div class=\"elementor-widget-container\">\n\t\t\t\t\t\t\t<div class=\"elementor-wrapper elementor-open-inline\">\n\t\t\t<div class=\"elementor-video\"><\/div>\t\t<\/div>\n\t\t\t\t\t\t<\/div>\n\t\t\t\t<\/div>\n\t\t\t\t<div class=\"elementor-element elementor-element-6e94acc elementor-widget elementor-widget-spacer\" data-id=\"6e94acc\" data-element_type=\"widget\" data-widget_type=\"spacer.default\">\n\t\t\t\t<div class=\"elementor-widget-container\">\n\t\t\t\t\t\t\t<div class=\"elementor-spacer\">\n\t\t\t<div class=\"elementor-spacer-inner\"><\/div>\n\t\t<\/div>\n\t\t\t\t\t\t<\/div>\n\t\t\t\t<\/div>\n\t\t\t\t\t<\/div>\n\t\t<\/div>\n\t\t\t\t<div class=\"elementor-column elementor-col-50 elementor-top-column elementor-element elementor-element-dec2b39\" data-id=\"dec2b39\" data-element_type=\"column\">\n\t\t\t<div class=\"elementor-widget-wrap elementor-element-populated\">\n\t\t\t\t\t\t<div class=\"elementor-element elementor-element-3cd9db8 elementor-widget elementor-widget-text-editor\" data-id=\"3cd9db8\" data-element_type=\"widget\" data-widget_type=\"text-editor.default\">\n\t\t\t\t<div class=\"elementor-widget-container\">\n\t\t\t\t\t\t\t\t\t<h6>C\u00f3mo superar una p\u00e9rdida<\/h6>\t\t\t\t\t\t\t\t<\/div>\n\t\t\t\t<\/div>\n\t\t\t\t<div class=\"elementor-element elementor-element-ca1f780 elementor-widget elementor-widget-video\" data-id=\"ca1f780\" data-element_type=\"widget\" data-settings=\"{&quot;youtube_url&quot;:&quot;https:\\\/\\\/www.youtube.com\\\/watch?v=CdkOM8Br-As&quot;,&quot;video_type&quot;:&quot;youtube&quot;,&quot;controls&quot;:&quot;yes&quot;}\" data-widget_type=\"video.default\">\n\t\t\t\t<div class=\"elementor-widget-container\">\n\t\t\t\t\t\t\t<div class=\"elementor-wrapper elementor-open-inline\">\n\t\t\t<div class=\"elementor-video\"><\/div>\t\t<\/div>\n\t\t\t\t\t\t<\/div>\n\t\t\t\t<\/div>\n\t\t\t\t<div class=\"elementor-element elementor-element-9c61610 elementor-widget elementor-widget-spacer\" data-id=\"9c61610\" data-element_type=\"widget\" data-widget_type=\"spacer.default\">\n\t\t\t\t<div class=\"elementor-widget-container\">\n\t\t\t\t\t\t\t<div class=\"elementor-spacer\">\n\t\t\t<div class=\"elementor-spacer-inner\"><\/div>\n\t\t<\/div>\n\t\t\t\t\t\t<\/div>\n\t\t\t\t<\/div>\n\t\t\t\t\t<\/div>\n\t\t<\/div>\n\t\t\t\t\t<\/div>\n\t\t<\/section>\n\t\t\t\t<section class=\"elementor-section elementor-top-section elementor-element elementor-element-bbe0da0 elementor-section-boxed elementor-section-height-default elementor-section-height-default\" data-id=\"bbe0da0\" data-element_type=\"section\">\n\t\t\t\t\t\t<div class=\"elementor-container elementor-column-gap-extended\">\n\t\t\t\t\t<div class=\"elementor-column elementor-col-50 elementor-top-column elementor-element elementor-element-fb14106\" data-id=\"fb14106\" data-element_type=\"column\">\n\t\t\t<div class=\"elementor-widget-wrap elementor-element-populated\">\n\t\t\t\t\t\t<div class=\"elementor-element elementor-element-6ed8fbd elementor-widget elementor-widget-text-editor\" data-id=\"6ed8fbd\" data-element_type=\"widget\" data-widget_type=\"text-editor.default\">\n\t\t\t\t<div class=\"elementor-widget-container\">\n\t\t\t\t\t\t\t\t\t<h6>C\u00f3mo calmar la mente y disfrutar de la meditaci\u00f3n<\/h6>\t\t\t\t\t\t\t\t<\/div>\n\t\t\t\t<\/div>\n\t\t\t\t<div class=\"elementor-element elementor-element-d49b8bf elementor-widget elementor-widget-video\" data-id=\"d49b8bf\" data-element_type=\"widget\" data-settings=\"{&quot;youtube_url&quot;:&quot;https:\\\/\\\/www.youtube.com\\\/watch?v=cqo0mys87yQ&quot;,&quot;video_type&quot;:&quot;youtube&quot;,&quot;controls&quot;:&quot;yes&quot;}\" data-widget_type=\"video.default\">\n\t\t\t\t<div class=\"elementor-widget-container\">\n\t\t\t\t\t\t\t<div class=\"elementor-wrapper elementor-open-inline\">\n\t\t\t<div class=\"elementor-video\"><\/div>\t\t<\/div>\n\t\t\t\t\t\t<\/div>\n\t\t\t\t<\/div>\n\t\t\t\t<div class=\"elementor-element elementor-element-415bf47 elementor-widget elementor-widget-spacer\" data-id=\"415bf47\" data-element_type=\"widget\" data-widget_type=\"spacer.default\">\n\t\t\t\t<div class=\"elementor-widget-container\">\n\t\t\t\t\t\t\t<div class=\"elementor-spacer\">\n\t\t\t<div class=\"elementor-spacer-inner\"><\/div>\n\t\t<\/div>\n\t\t\t\t\t\t<\/div>\n\t\t\t\t<\/div>\n\t\t\t\t\t<\/div>\n\t\t<\/div>\n\t\t\t\t<div class=\"elementor-column elementor-col-50 elementor-top-column elementor-element elementor-element-0fbe2dd\" data-id=\"0fbe2dd\" data-element_type=\"column\">\n\t\t\t<div class=\"elementor-widget-wrap\">\n\t\t\t\t\t\t\t<\/div>\n\t\t<\/div>\n\t\t\t\t\t<\/div>\n\t\t<\/section>\n\t\t\t\t<section class=\"elementor-section elementor-top-section elementor-element elementor-element-e361fd3 elementor-section-boxed elementor-section-height-default elementor-section-height-default\" data-id=\"e361fd3\" data-element_type=\"section\">\n\t\t\t\t\t\t<div class=\"elementor-container elementor-column-gap-default\">\n\t\t\t\t\t<div class=\"elementor-column elementor-col-100 elementor-top-column elementor-element elementor-element-577ba6b\" data-id=\"577ba6b\" data-element_type=\"column\">\n\t\t\t<div class=\"elementor-widget-wrap elementor-element-populated\">\n\t\t\t\t\t\t<div class=\"elementor-element elementor-element-ae1b4b2 elementor-align-center elementor-absolute elementor-widget elementor-widget-button\" data-id=\"ae1b4b2\" data-element_type=\"widget\" data-settings=\"{&quot;_position&quot;:&quot;absolute&quot;}\" data-widget_type=\"button.default\">\n\t\t\t\t<div class=\"elementor-widget-container\">\n\t\t\t\t\t\t\t\t\t<div class=\"elementor-button-wrapper\">\n\t\t\t\t\t<a class=\"elementor-button elementor-button-link elementor-size-lg\" href=\"https:\/\/news.atentamente.net\/\">\n\t\t\t\t\t\t<span class=\"elementor-button-content-wrapper\">\n\t\t\t\t\t\t\t\t\t<span class=\"elementor-button-text\">Volver<\/span>\n\t\t\t\t\t<\/span>\n\t\t\t\t\t<\/a>\n\t\t\t\t<\/div>\n\t\t\t\t\t\t\t\t<\/div>\n\t\t\t\t<\/div>\n\t\t\t\t<div class=\"elementor-element elementor-element-a4e96a2 elementor-widget elementor-widget-spacer\" data-id=\"a4e96a2\" data-element_type=\"widget\" data-widget_type=\"spacer.default\">\n\t\t\t\t<div class=\"elementor-widget-container\">\n\t\t\t\t\t\t\t<div class=\"elementor-spacer\">\n\t\t\t<div class=\"elementor-spacer-inner\"><\/div>\n\t\t<\/div>\n\t\t\t\t\t\t<\/div>\n\t\t\t\t<\/div>\n\t\t\t\t\t<\/div>\n\t\t<\/div>\n\t\t\t\t\t<\/div>\n\t\t<\/section>\n\t\t\t\t<section class=\"elementor-section elementor-top-section elementor-element elementor-element-daffd0d elementor-section-boxed elementor-section-height-default elementor-section-height-default\" data-id=\"daffd0d\" data-element_type=\"section\">\n\t\t\t\t\t\t<div class=\"elementor-container elementor-column-gap-default\">\n\t\t\t\t\t<div class=\"elementor-column elementor-col-100 elementor-top-column elementor-element elementor-element-4fd4943\" data-id=\"4fd4943\" data-element_type=\"column\">\n\t\t\t<div class=\"elementor-widget-wrap elementor-element-populated\">\n\t\t\t\t\t\t<div class=\"elementor-element elementor-element-b81dcae elementor-widget elementor-widget-spacer\" data-id=\"b81dcae\" data-element_type=\"widget\" data-widget_type=\"spacer.default\">\n\t\t\t\t<div class=\"elementor-widget-container\">\n\t\t\t\t\t\t\t<div class=\"elementor-spacer\">\n\t\t\t<div class=\"elementor-spacer-inner\"><\/div>\n\t\t<\/div>\n\t\t\t\t\t\t<\/div>\n\t\t\t\t<\/div>\n\t\t\t\t<div class=\"elementor-element elementor-element-a30c9ad elementor-widget elementor-widget-spacer\" data-id=\"a30c9ad\" data-element_type=\"widget\" data-widget_type=\"spacer.default\">\n\t\t\t\t<div class=\"elementor-widget-container\">\n\t\t\t\t\t\t\t<div class=\"elementor-spacer\">\n\t\t\t<div class=\"elementor-spacer-inner\"><\/div>\n\t\t<\/div>\n\t\t\t\t\t\t<\/div>\n\t\t\t\t<\/div>\n\t\t\t\t\t<\/div>\n\t\t<\/div>\n\t\t\t\t\t<\/div>\n\t\t<\/section>\n\t\t\t\t<\/div>\n\t\t","protected":false},"excerpt":{"rendered":"<p>Master Classes En este apartado te ofrecemos varios videos de Master Classes impartidas. Aprender a perdonarte https:\/\/www.youtube.com\/watch?v=jw_RdNRPyME C\u00f3mo superar una p\u00e9rdida https:\/\/www.youtube.com\/watch?v=CdkOM8Br-As C\u00f3mo calmar la mente y disfrutar de la meditaci\u00f3n https:\/\/www.youtube.com\/watch?v=cqo0mys87yQ Volver<\/p>\n","protected":false},"author":1,"featured_media":0,"parent":0,"menu_order":0,"comment_status":"closed","ping_status":"closed","template":"","meta":{"_monsterinsights_skip_tracking":false,"_monsterinsights_sitenote_active":false,"_monsterinsights_sitenote_note":"","_monsterinsights_sitenote_category":0,"footnotes":""},"class_list":["post-691","page","type-page","status-publish","hentry"],"yoast_head":"<!-- This site is optimized with the Yoast SEO plugin v26.8 - https:\/\/yoast.com\/product\/yoast-seo-wordpress\/ -->\n<title>Master Classes - News Atentamente<\/title>\n<meta name=\"robots\" content=\"index, follow, max-snippet:-1, max-image-preview:large, max-video-preview:-1\" \/>\n<link rel=\"canonical\" href=\"https:\/\/news.atentamente.net\/index.php\/master-classes\/\" \/>\n<meta property=\"og:locale\" content=\"es_ES\" \/>\n<meta property=\"og:type\" content=\"article\" \/>\n<meta property=\"og:title\" content=\"Master Classes - News Atentamente\" \/>\n<meta property=\"og:description\" content=\"Master Classes En este apartado te ofrecemos varios videos de Master Classes impartidas. Aprender a perdonarte https:\/\/www.youtube.com\/watch?v=jw_RdNRPyME C\u00f3mo superar una p\u00e9rdida https:\/\/www.youtube.com\/watch?v=CdkOM8Br-As C\u00f3mo calmar la mente y disfrutar de la meditaci\u00f3n https:\/\/www.youtube.com\/watch?v=cqo0mys87yQ Volver\" \/>\n<meta property=\"og:url\" content=\"https:\/\/news.atentamente.net\/index.php\/master-classes\/\" \/>\n<meta property=\"og:site_name\" content=\"News Atentamente\" \/>\n<meta property=\"article:modified_time\" content=\"2023-09-20T13:55:22+00:00\" \/>\n<meta name=\"twitter:card\" content=\"summary_large_image\" \/>\n<meta name=\"twitter:label1\" content=\"Tiempo de lectura\" \/>\n\t<meta name=\"twitter:data1\" content=\"1 minuto\" \/>\n<script type=\"application\/ld+json\" class=\"yoast-schema-graph\">{\"@context\":\"https:\/\/schema.org\",\"@graph\":[{\"@type\":\"WebPage\",\"@id\":\"https:\/\/news.atentamente.net\/index.php\/master-classes\/\",\"url\":\"https:\/\/news.atentamente.net\/index.php\/master-classes\/\",\"name\":\"Master Classes - News Atentamente\",\"isPartOf\":{\"@id\":\"https:\/\/news.atentamente.net\/#website\"},\"datePublished\":\"2023-08-02T14:35:55+00:00\",\"dateModified\":\"2023-09-20T13:55:22+00:00\",\"breadcrumb\":{\"@id\":\"https:\/\/news.atentamente.net\/index.php\/master-classes\/#breadcrumb\"},\"inLanguage\":\"es\",\"potentialAction\":[{\"@type\":\"ReadAction\",\"target\":[\"https:\/\/news.atentamente.net\/index.php\/master-classes\/\"]}]},{\"@type\":\"BreadcrumbList\",\"@id\":\"https:\/\/news.atentamente.net\/index.php\/master-classes\/#breadcrumb\",\"itemListElement\":[{\"@type\":\"ListItem\",\"position\":1,\"name\":\"Portada\",\"item\":\"https:\/\/news.atentamente.net\/\"},{\"@type\":\"ListItem\",\"position\":2,\"name\":\"Master Classes\"}]},{\"@type\":\"WebSite\",\"@id\":\"https:\/\/news.atentamente.net\/#website\",\"url\":\"https:\/\/news.atentamente.net\/\",\"name\":\"News Atentamente\",\"description\":\"La App que te acompa\u00f1a para hacer tu vida m\u00e1s f\u00e1cil\",\"publisher\":{\"@id\":\"https:\/\/news.atentamente.net\/#organization\"},\"potentialAction\":[{\"@type\":\"SearchAction\",\"target\":{\"@type\":\"EntryPoint\",\"urlTemplate\":\"https:\/\/news.atentamente.net\/?s={search_term_string}\"},\"query-input\":{\"@type\":\"PropertyValueSpecification\",\"valueRequired\":true,\"valueName\":\"search_term_string\"}}],\"inLanguage\":\"es\"},{\"@type\":\"Organization\",\"@id\":\"https:\/\/news.atentamente.net\/#organization\",\"name\":\"News Atentamente\",\"url\":\"https:\/\/news.atentamente.net\/\",\"logo\":{\"@type\":\"ImageObject\",\"inLanguage\":\"es\",\"@id\":\"https:\/\/news.atentamente.net\/#\/schema\/logo\/image\/\",\"url\":\"https:\/\/news.atentamente.net\/wp-content\/uploads\/2022\/12\/Logo-medita-app-03-1024x346-1.png\",\"contentUrl\":\"https:\/\/news.atentamente.net\/wp-content\/uploads\/2022\/12\/Logo-medita-app-03-1024x346-1.png\",\"width\":1024,\"height\":346,\"caption\":\"News Atentamente\"},\"image\":{\"@id\":\"https:\/\/news.atentamente.net\/#\/schema\/logo\/image\/\"}}]}<\/script>\n<!-- \/ Yoast SEO plugin. -->","yoast_head_json":{"title":"Master Classes - News Atentamente","robots":{"index":"index","follow":"follow","max-snippet":"max-snippet:-1","max-image-preview":"max-image-preview:large","max-video-preview":"max-video-preview:-1"},"canonical":"https:\/\/news.atentamente.net\/index.php\/master-classes\/","og_locale":"es_ES","og_type":"article","og_title":"Master Classes - News Atentamente","og_description":"Master Classes En este apartado te ofrecemos varios videos de Master Classes impartidas. Aprender a perdonarte https:\/\/www.youtube.com\/watch?v=jw_RdNRPyME C\u00f3mo superar una p\u00e9rdida https:\/\/www.youtube.com\/watch?v=CdkOM8Br-As C\u00f3mo calmar la mente y disfrutar de la meditaci\u00f3n https:\/\/www.youtube.com\/watch?v=cqo0mys87yQ Volver","og_url":"https:\/\/news.atentamente.net\/index.php\/master-classes\/","og_site_name":"News Atentamente","article_modified_time":"2023-09-20T13:55:22+00:00","twitter_card":"summary_large_image","twitter_misc":{"Tiempo de lectura":"1 minuto"},"schema":{"@context":"https:\/\/schema.org","@graph":[{"@type":"WebPage","@id":"https:\/\/news.atentamente.net\/index.php\/master-classes\/","url":"https:\/\/news.atentamente.net\/index.php\/master-classes\/","name":"Master Classes - News Atentamente","isPartOf":{"@id":"https:\/\/news.atentamente.net\/#website"},"datePublished":"2023-08-02T14:35:55+00:00","dateModified":"2023-09-20T13:55:22+00:00","breadcrumb":{"@id":"https:\/\/news.atentamente.net\/index.php\/master-classes\/#breadcrumb"},"inLanguage":"es","potentialAction":[{"@type":"ReadAction","target":["https:\/\/news.atentamente.net\/index.php\/master-classes\/"]}]},{"@type":"BreadcrumbList","@id":"https:\/\/news.atentamente.net\/index.php\/master-classes\/#breadcrumb","itemListElement":[{"@type":"ListItem","position":1,"name":"Portada","item":"https:\/\/news.atentamente.net\/"},{"@type":"ListItem","position":2,"name":"Master Classes"}]},{"@type":"WebSite","@id":"https:\/\/news.atentamente.net\/#website","url":"https:\/\/news.atentamente.net\/","name":"News Atentamente","description":"La App que te acompa\u00f1a para hacer tu vida m\u00e1s f\u00e1cil","publisher":{"@id":"https:\/\/news.atentamente.net\/#organization"},"potentialAction":[{"@type":"SearchAction","target":{"@type":"EntryPoint","urlTemplate":"https:\/\/news.atentamente.net\/?s={search_term_string}"},"query-input":{"@type":"PropertyValueSpecification","valueRequired":true,"valueName":"search_term_string"}}],"inLanguage":"es"},{"@type":"Organization","@id":"https:\/\/news.atentamente.net\/#organization","name":"News Atentamente","url":"https:\/\/news.atentamente.net\/","logo":{"@type":"ImageObject","inLanguage":"es","@id":"https:\/\/news.atentamente.net\/#\/schema\/logo\/image\/","url":"https:\/\/news.atentamente.net\/wp-content\/uploads\/2022\/12\/Logo-medita-app-03-1024x346-1.png","contentUrl":"https:\/\/news.atentamente.net\/wp-content\/uploads\/2022\/12\/Logo-medita-app-03-1024x346-1.png","width":1024,"height":346,"caption":"News Atentamente"},"image":{"@id":"https:\/\/news.atentamente.net\/#\/schema\/logo\/image\/"}}]}},"_links":{"self":[{"href":"https:\/\/news.atentamente.net\/index.php\/wp-json\/wp\/v2\/pages\/691","targetHints":{"allow":["GET"]}}],"collection":[{"href":"https:\/\/news.atentamente.net\/index.php\/wp-json\/wp\/v2\/pages"}],"about":[{"href":"https:\/\/news.atentamente.net\/index.php\/wp-json\/wp\/v2\/types\/page"}],"author":[{"embeddable":true,"href":"https:\/\/news.atentamente.net\/index.php\/wp-json\/wp\/v2\/users\/1"}],"replies":[{"embeddable":true,"href":"https:\/\/news.atentamente.net\/index.php\/wp-json\/wp\/v2\/comments?post=691"}],"version-history":[{"count":37,"href":"https:\/\/news.atentamente.net\/index.php\/wp-json\/wp\/v2\/pages\/691\/revisions"}],"predecessor-version":[{"id":1027,"href":"https:\/\/news.atentamente.net\/index.php\/wp-json\/wp\/v2\/pages\/691\/revisions\/1027"}],"wp:attachment":[{"href":"https:\/\/news.atentamente.net\/index.php\/wp-json\/wp\/v2\/media?parent=691"}],"curies":[{"name":"wp","href":"https:\/\/api.w.org\/{rel}","templated":true}]}}